{"id":878,"date":"2020-10-07T21:23:09","date_gmt":"2020-10-07T21:23:09","guid":{"rendered":"http:\/\/obelisk.themescamp.com\/?page_id=878"},"modified":"2023-01-30T15:19:33","modified_gmt":"2023-01-30T15:19:33","slug":"reservation","status":"publish","type":"page","link":"https:\/\/taxismile.ch\/en\/reservation\/","title":{"rendered":"RESERVATION"},"content":{"rendered":"<div data-elementor-type=\"wp-page\" data-elementor-id=\"878\" class=\"elementor elementor-878\">\n\t\t\t\t\t\t\t\t\t<section class=\"elementor-section elementor-top-section elementor-element elementor-element-3ab30a89 elementor-section-full_width elementor-section-height-default elementor-section-height-default\" data-id=\"3ab30a89\" data-element_type=\"section\" data-settings=\"{&quot;background_background&quot;:&quot;classic&quot;}\">\n\t\t\t\t\t\t<div class=\"elementor-container elementor-column-gap-no\">\n\t\t\t\t\t<div class=\"elementor-column elementor-col-100 elementor-top-column elementor-element elementor-element-252d645\" data-id=\"252d645\" data-element_type=\"column\">\n\t\t\t<div class=\"elementor-widget-wrap elementor-element-populated\">\n\t\t\t\t\t\t\t\t<div class=\"elementor-element elementor-element-7b5d7f96 elementor-align-left elementor-widget elementor-widget-obelisk-title\" data-id=\"7b5d7f96\" data-element_type=\"widget\" data-widget_type=\"obelisk-title.default\">\n\t\t\t\t<div class=\"elementor-widget-container\">\n\t\t\t\r\n\r\n<div class=\"obelisk-header style-4\">\r\n    <div class=\"pages-header bg-img valign parallaxie\" data-background=\"https:\/\/taxismile.ch\/wp-content\/uploads\/2022\/11\/taxicabs-g1d743dda8_1280.jpg\" data-overlay-dark=\"5\">\r\n        <div class=\"container\">\r\n            <div class=\"row\">\r\n                <div class=\"col-lg-12\">\r\n                    <div class=\"cont text-center\">\r\n                        <h1>RESERVATION<\/h1>\r\n                        <div class=\"path\">\r\n                            <span class=\"1 breadcrumb-first\"><a href=\"https:\/\/taxismile.ch\/en\/\"> Home<\/a><\/span><em> \/ <\/em>                        <\/div>\r\n                    <\/div>\r\n                <\/div>\r\n            <\/div>\r\n        <\/div>\r\n    <\/div>\r\n<\/div>\t\t<\/div>\n\t\t\t\t<\/div>\n\t\t\t\t\t<\/div>\n\t\t<\/div>\n\t\t\t\t\t\t\t<\/div>\n\t\t<\/section>\n\t\t\t\t<section class=\"elementor-section elementor-top-section elementor-element elementor-element-cdd838f obelisk-section-mode1 elementor-section-boxed elementor-section-height-default elementor-section-height-default\" data-id=\"cdd838f\" data-element_type=\"section\" data-settings=\"{&quot;background_background&quot;:&quot;classic&quot;}\">\n\t\t\t\t\t\t<div class=\"elementor-container elementor-column-gap-default\">\n\t\t\t\t\t<div class=\"elementor-column elementor-col-100 elementor-top-column elementor-element elementor-element-ef8206d\" data-id=\"ef8206d\" data-element_type=\"column\">\n\t\t\t<div class=\"elementor-widget-wrap elementor-element-populated\">\n\t\t\t\t\t\t\t\t<section class=\"elementor-section elementor-inner-section elementor-element elementor-element-4f1a42d elementor-section-boxed elementor-section-height-default elementor-section-height-default\" data-id=\"4f1a42d\" data-element_type=\"section\">\n\t\t\t\t\t\t<div class=\"elementor-container elementor-column-gap-default\">\n\t\t\t\t\t<div class=\"elementor-column elementor-col-100 elementor-inner-column elementor-element elementor-element-cd1444d\" data-id=\"cd1444d\" data-element_type=\"column\">\n\t\t\t<div class=\"elementor-widget-wrap elementor-element-populated\">\n\t\t\t\t\t\t\t\t<div class=\"elementor-element elementor-element-5ecbbfb elementor-align-center elementor-widget elementor-widget-obelisk-title\" data-id=\"5ecbbfb\" data-element_type=\"widget\" data-settings=\"{&quot;_animation&quot;:&quot;none&quot;}\" data-widget_type=\"obelisk-title.default\">\n\t\t\t\t<div class=\"elementor-widget-container\">\n\t\t\t \r\n<div class=\"obelisk-title style-1\">\r\n\r\n\t\r\n        <h3 class=\"main-title color-font\">TAXI RESERVATION BY PHONE<\/h3>\r\n        <p class=\"wow txt\" data-splitting><\/p>\r\n\t<\/div>\t\t<\/div>\n\t\t\t\t<\/div>\n\t\t\t\t<div class=\"elementor-element elementor-element-8cf8c64 elementor-align-center elementor-icon-list--layout-traditional elementor-list-item-link-full_width elementor-widget elementor-widget-icon-list\" data-id=\"8cf8c64\" data-element_type=\"widget\" data-widget_type=\"icon-list.default\">\n\t\t\t\t<div class=\"elementor-widget-container\">\n\t\t\t<link rel=\"stylesheet\" href=\"https:\/\/taxismile.ch\/wp-content\/plugins\/elementor\/assets\/css\/widget-icon-list.min.css\">\t\t<ul class=\"elementor-icon-list-items\">\n\t\t\t\t\t\t\t<li class=\"elementor-icon-list-item\">\n\t\t\t\t\t\t\t\t\t\t\t<span class=\"elementor-icon-list-icon\">\n\t\t\t\t\t\t\t<i aria-hidden=\"true\" class=\"fab fa-whatsapp\"><\/i>\t\t\t\t\t\t<\/span>\n\t\t\t\t\t\t\t\t\t\t<span class=\"elementor-icon-list-text\">+41 76 817 80 65<\/span>\n\t\t\t\t\t\t\t\t\t<\/li>\n\t\t\t\t\t\t<\/ul>\n\t\t\t\t<\/div>\n\t\t\t\t<\/div>\n\t\t\t\t<div class=\"elementor-element elementor-element-0c29643 elementor-widget elementor-widget-heading\" data-id=\"0c29643\" data-element_type=\"widget\" data-widget_type=\"heading.default\">\n\t\t\t\t<div class=\"elementor-widget-container\">\n\t\t\t<style>\/*! elementor - v3.8.1 - 13-11-2022 *\/\n.elementor-heading-title{padding:0;margin:0;line-height:1}.elementor-widget-heading .elementor-heading-title[class*=elementor-size-]>a{color:inherit;font-size:inherit;line-height:inherit}.elementor-widget-heading .elementor-heading-title.elementor-size-small{font-size:15px}.elementor-widget-heading .elementor-heading-title.elementor-size-medium{font-size:19px}.elementor-widget-heading .elementor-heading-title.elementor-size-large{font-size:29px}.elementor-widget-heading .elementor-heading-title.elementor-size-xl{font-size:39px}.elementor-widget-heading .elementor-heading-title.elementor-size-xxl{font-size:59px}<\/style><h4 class=\"elementor-heading-title elementor-size-default\">FOR A QUICK RESERVATION, CONTACT US AT THE NUMBER ABOVE (ALSO AVAILABLE ON WHATSAPP). RATES ARE FOUND ON THE HOME PAGE.<\/h4>\t\t<\/div>\n\t\t\t\t<\/div>\n\t\t\t\t<div class=\"elementor-element elementor-element-5cda7b6 elementor-align-center elementor-widget elementor-widget-obelisk-title\" data-id=\"5cda7b6\" data-element_type=\"widget\" data-settings=\"{&quot;_animation&quot;:&quot;none&quot;}\" data-widget_type=\"obelisk-title.default\">\n\t\t\t\t<div class=\"elementor-widget-container\">\n\t\t\t \r\n<div class=\"obelisk-title style-1\">\r\n\r\n\t\r\n        <h3 class=\"main-title color-font\">ONLINE TAXI RESERVATION<\/h3>\r\n        <p class=\"wow txt\" data-splitting><\/p>\r\n\t<\/div>\t\t<\/div>\n\t\t\t\t<\/div>\n\t\t\t\t\t<\/div>\n\t\t<\/div>\n\t\t\t\t\t\t\t<\/div>\n\t\t<\/section>\n\t\t\t\t<div class=\"elementor-element elementor-element-1a35772 elementor-widget__width-inherit elementor-widget elementor-widget-wpforms\" data-id=\"1a35772\" data-element_type=\"widget\" data-widget_type=\"wpforms.default\">\n\t\t\t\t<div class=\"elementor-widget-container\">\n\t\t\t<div class=\"wpforms-container wpforms-container-full\" id=\"wpforms-5399\"><form id=\"wpforms-form-5399\" class=\"wpforms-validate wpforms-form wpforms-ajax-form\" data-formid=\"5399\" method=\"post\" enctype=\"multipart\/form-data\" action=\"\/en\/wp-json\/wp\/v2\/pages\/878\" data-token=\"19bde8c5ee9af922dc8f194e2a83a6d1\" data-trp-original-action=\"\/en\/wp-json\/wp\/v2\/pages\/878\"><noscript class=\"wpforms-error-noscript\" data-no-translation=\"\" data-trp-gettext=\"\">Please enable JavaScript in your browser to complete this form.<\/noscript><div class=\"wpforms-field-container\"><div id=\"wpforms-5399-field_1-container\" class=\"wpforms-field wpforms-field-text\" data-field-id=\"1\"><label class=\"wpforms-field-label\" for=\"wpforms-5399-field_1\">Departure :<\/label><input type=\"text\" id=\"wpforms-5399-field_1\" class=\"wpforms-field-medium\" name=\"wpforms[fields][1]\" placeholder=\"Departure\" ><\/div><div id=\"wpforms-5399-field_2-container\" class=\"wpforms-field wpforms-field-text\" data-field-id=\"2\"><label class=\"wpforms-field-label\" for=\"wpforms-5399-field_2\">Destination :<\/label><input type=\"text\" id=\"wpforms-5399-field_2\" class=\"wpforms-field-medium\" name=\"wpforms[fields][2]\" placeholder=\"Destination\" ><\/div><div id=\"wpforms-5399-field_3-container\" class=\"wpforms-field wpforms-field-date-time\" data-field-id=\"3\"><label class=\"wpforms-field-label\" for=\"wpforms-5399-field_3\">Departure date:<\/label><div class=\"wpforms-field-row wpforms-field-medium\"><div class=\"wpforms-field-row-block wpforms-one-half wpforms-first\"><div class=\"wpforms-datepicker-wrap\"><input type=\"text\" id=\"wpforms-5399-field_3\" class=\"wpforms-field-date-time-date wpforms-datepicker\" data-date-format=\"m\/d\/Y\" data-disable-past-dates=\"0\" data-input=\"true\" name=\"wpforms[fields][3][date]\" placeholder=\"Date\" ><a title=\"Clear Date\" data-clear class=\"wpforms-datepicker-clear\" style=\"display:none;\" data-no-translation-title=\"\"><\/a><\/div><label for=\"wpforms-5399-field_3\" class=\"wpforms-field-sublabel after wpforms-sublabel-hide\" data-no-translation=\"\" data-trp-gettext=\"\">Date<\/label><\/div><div class=\"wpforms-field-row-block wpforms-one-half\"><input type=\"text\" id=\"wpforms-5399-field_3-time\" class=\"wpforms-field-date-time-time wpforms-timepicker\" data-time-format=\"g:i A\" data-step=\"30\" data-rule-time12h=\"true\" name=\"wpforms[fields][3][time]\" placeholder=\"Departure time:\" ><label for=\"wpforms-5399-field_3-time\" class=\"wpforms-field-sublabel after wpforms-sublabel-hide\" data-no-translation=\"\" data-trp-gettext=\"\">Time<\/label><\/div><\/div><\/div><div id=\"wpforms-5399-field_4-container\" class=\"wpforms-field wpforms-field-number\" data-field-id=\"4\"><label class=\"wpforms-field-label\" for=\"wpforms-5399-field_4\">No. people:<\/label><input type=\"number\" pattern=\"\\d*\" id=\"wpforms-5399-field_4\" class=\"wpforms-field-medium\" name=\"wpforms[fields][4]\" placeholder=\"No. people:\" ><\/div><div id=\"wpforms-5399-field_5-container\" class=\"wpforms-field wpforms-field-name\" data-field-id=\"5\"><label class=\"wpforms-field-label\" for=\"wpforms-5399-field_5\">Last name: <span class=\"wpforms-required-label\">*<\/span><\/label><input type=\"text\" id=\"wpforms-5399-field_5\" class=\"wpforms-field-medium wpforms-field-required\" name=\"wpforms[fields][5]\" placeholder=\"name\" required><\/div><div id=\"wpforms-5399-field_7-container\" class=\"wpforms-field wpforms-field-text\" data-field-id=\"7\"><label class=\"wpforms-field-label\" for=\"wpforms-5399-field_7\">Address:<\/label><input type=\"text\" id=\"wpforms-5399-field_7\" class=\"wpforms-field-medium\" name=\"wpforms[fields][7]\" placeholder=\"Adresse\" ><\/div><div id=\"wpforms-5399-field_8-container\" class=\"wpforms-field wpforms-field-email\" data-field-id=\"8\"><label class=\"wpforms-field-label\" for=\"wpforms-5399-field_8\">Email <span class=\"wpforms-required-label\">*<\/span><\/label><input type=\"email\" id=\"wpforms-5399-field_8\" class=\"wpforms-field-medium wpforms-field-required\" name=\"wpforms[fields][8]\" placeholder=\"Email\" required><\/div><div id=\"wpforms-5399-field_9-container\" class=\"wpforms-field wpforms-field-phone\" data-field-id=\"9\"><label class=\"wpforms-field-label\" for=\"wpforms-5399-field_9\">Telephone number:<\/label><input type=\"tel\" id=\"wpforms-5399-field_9\" class=\"wpforms-field-medium wpforms-smart-phone-field\" data-rule-smart-phone-field=\"true\" name=\"wpforms[fields][9]\" placeholder=\"N\u00b0 t\u00e9l\u00e9phone\" ><\/div><div id=\"wpforms-5399-field_13-container\" class=\"wpforms-field wpforms-field-date-time\" data-field-id=\"13\"><label class=\"wpforms-field-label\" for=\"wpforms-5399-field_13\">Arriving time:<\/label><input type=\"text\" id=\"wpforms-5399-field_13-time\" class=\"wpforms-field-date-time-time wpforms-timepicker wpforms-field-medium\" data-time-format=\"g:i A\" data-step=\"30\" data-rule-time12h=\"true\" name=\"wpforms[fields][13][time]\" placeholder=\"Heure d&#039;arriv\u00e9e\" ><\/div><div id=\"wpforms-5399-field_14-container\" class=\"wpforms-field wpforms-field-text\" data-field-id=\"14\"><label class=\"wpforms-field-label\" for=\"wpforms-5399-field_14\">Flight number:<\/label><input type=\"text\" id=\"wpforms-5399-field_14\" class=\"wpforms-field-medium\" name=\"wpforms[fields][14]\" placeholder=\"Flight number\" ><\/div><div id=\"wpforms-5399-field_12-container\" class=\"wpforms-field wpforms-field-textarea\" data-field-id=\"12\"><label class=\"wpforms-field-label\" for=\"wpforms-5399-field_12\">Remark::<\/label><textarea id=\"wpforms-5399-field_12\" class=\"wpforms-field-medium\" name=\"wpforms[fields][12]\" placeholder=\"Child seat, Special baggage, ...\" ><\/textarea><\/div><\/div><div class=\"wpforms-submit-container\"><input type=\"hidden\" name=\"wpforms[id]\" value=\"5399\"><input type=\"hidden\" name=\"wpforms[author]\" value=\"1\"><button type=\"submit\" name=\"wpforms[submit]\" id=\"wpforms-submit-5399\" class=\"wpforms-submit\" data-alt-text=\"En cours d&#039;envoi...\" data-submit-text=\"Valider\" aria-live=\"assertive\" value=\"wpforms-submit\">Submit<\/button><img decoding=\"async\" src=\"https:\/\/taxismile.ch\/wp-content\/plugins\/wpforms\/assets\/images\/submit-spin.svg\" class=\"wpforms-submit-spinner\" style=\"display: none;\" width=\"26\" height=\"26\" alt=\"Loading\" data-no-translation-alt=\"\"><\/div><input type=\"hidden\" name=\"trp-form-language\" value=\"en\"\/><\/form><\/div>  <!-- .wpforms-container -->\t\t<\/div>\n\t\t\t\t<\/div>\n\t\t\t\t\t<\/div>\n\t\t<\/div>\n\t\t\t\t\t\t\t<\/div>\n\t\t<\/section>\n\t\t\t\t<section class=\"elementor-section elementor-top-section elementor-element elementor-element-226e06f obelisk-section-mode1 elementor-section-boxed elementor-section-height-default elementor-section-height-default\" data-id=\"226e06f\" data-element_type=\"section\" data-settings=\"{&quot;background_background&quot;:&quot;classic&quot;}\">\n\t\t\t\t\t\t\t<div class=\"elementor-background-overlay\"><\/div>\n\t\t\t\t\t\t\t<div class=\"elementor-container elementor-column-gap-default\">\n\t\t\t\t\t<div class=\"elementor-column elementor-col-50 elementor-top-column elementor-element elementor-element-6a7db9a2\" data-id=\"6a7db9a2\" data-element_type=\"column\">\n\t\t\t<div class=\"elementor-widget-wrap elementor-element-populated\">\n\t\t\t\t\t\t\t\t<div class=\"elementor-element elementor-element-14778232 elementor-align-left elementor-invisible elementor-widget elementor-widget-obelisk-title\" data-id=\"14778232\" data-element_type=\"widget\" data-settings=\"{&quot;_animation&quot;:&quot;fadeInUp&quot;}\" data-widget_type=\"obelisk-title.default\">\n\t\t\t\t<div class=\"elementor-widget-container\">\n\t\t\t<div class=\"obelisk-title style-2\">\n\t<h2 class=\"custom-font\" data-splitting>TRUSTED SERVICE <b><\/b><\/h2>\n<\/div>\t\t<\/div>\n\t\t\t\t<\/div>\n\t\t\t\t<div class=\"elementor-element elementor-element-30e544b3 elementor-widget__width-initial elementor-widget elementor-widget-obelisk-heading\" data-id=\"30e544b3\" data-element_type=\"widget\" data-widget_type=\"obelisk-heading.default\">\n\t\t\t\t<div class=\"elementor-widget-container\">\n\t\t\t\r\n<h2 class='obelisk-heading style-1' >\r\n        We are here for you 7\/7 and 24\/24\n    <\/h2>\r\n\t\t<\/div>\n\t\t\t\t<\/div>\n\t\t\t\t<div class=\"elementor-element elementor-element-2bde53e3 elementor-align-left elementor-invisible elementor-widget elementor-widget-obelisk-title\" data-id=\"2bde53e3\" data-element_type=\"widget\" data-settings=\"{&quot;_animation&quot;:&quot;fadeInUp&quot;}\" data-widget_type=\"obelisk-title.default\">\n\t\t\t\t<div class=\"elementor-widget-container\">\n\t\t\t<div class=\"obelisk-title style-2\">\n\t<h2 class=\"custom-font\" data-splitting>Transfert a\u00e9roport Lausanne- Gen\u00e8ve, Taxi familial, Taxi Lausanne, Navette a\u00e9roport, Taxi Limousine, Taxi Renens, Taxi Lutry, Taxi Pully, Taxi Morges, Taxi Prilly , Taxi Crissier, Taxi Ouchy, Taxi Saint Sulpice, Taxi Ecublens. <b><\/b><\/h2>\n<\/div>\t\t<\/div>\n\t\t\t\t<\/div>\n\t\t\t\t\t<\/div>\n\t\t<\/div>\n\t\t\t\t<div class=\"elementor-column elementor-col-50 elementor-top-column elementor-element elementor-element-25f0ebb1\" data-id=\"25f0ebb1\" data-element_type=\"column\">\n\t\t\t<div class=\"elementor-widget-wrap elementor-element-populated\">\n\t\t\t\t\t\t\t\t<div class=\"elementor-element elementor-element-4d58befc elementor-align-left elementor-invisible elementor-widget elementor-widget-obelisk-button\" data-id=\"4d58befc\" data-element_type=\"widget\" data-settings=\"{&quot;_animation&quot;:&quot;fadeInUp&quot;,&quot;_animation_delay&quot;:500}\" data-widget_type=\"obelisk-button.default\">\n\t\t\t\t<div class=\"elementor-widget-container\">\n\t\t\t\r\n<div >\r\n\t<a href=\"https:\/\/taxismile.ch\/en\/reservation\/\"  class=\"obelisk-button style-1 btn-lit mode-2\" data-wow-delay=\".5s\">\r\n\r\n\t\t<span>R\u00e9servez votre Taxi<\/span> \r\n\t<\/a> \r\n<\/div>\t\t<\/div>\n\t\t\t\t<\/div>\n\t\t\t\t\t<\/div>\n\t\t<\/div>\n\t\t\t\t\t\t\t<\/div>\n\t\t<\/section>\n\t\t\t\t\t\t\t<\/div>","protected":false},"excerpt":{"rendered":"<p>R\u00c9SERVATION Home \/ R\u00c9SERVATION TAXI PAR T\u00c9L\u00c9PHONE +41 76 817 80 65 POUR UNE R\u00c9SERVATION RAPIDE, CONTACTEZ NOUS AU NUM\u00c9RO CI-DESSUS (AUSSI DISPONIBLE SUR WHATSAPP). TARIFS SONT TROUV\u00c9S SUR LA HOME PAGE. R\u00c9SERVATION TAXI EN LIGNE SERVICE DE CONFIANCE Nous sommes l\u00e0 pour vous 7\/7 et 24\/24 Transfert a\u00e9roport Lausanne- Gen\u00e8ve, Taxi familial, Taxi Lausanne, Navette a\u00e9roport, Taxi Limousine, Taxi &hellip;<\/p>","protected":false},"author":1,"featured_media":0,"parent":0,"menu_order":0,"comment_status":"closed","ping_status":"closed","template":"blank-builder.php","meta":{"_joinchat":[],"footnotes":""},"class_list":["post-878","page","type-page","status-publish","hentry"],"_links":{"self":[{"href":"https:\/\/taxismile.ch\/en\/wp-json\/wp\/v2\/pages\/878","targetHints":{"allow":["GET"]}}],"collection":[{"href":"https:\/\/taxismile.ch\/en\/wp-json\/wp\/v2\/pages"}],"about":[{"href":"https:\/\/taxismile.ch\/en\/wp-json\/wp\/v2\/types\/page"}],"author":[{"embeddable":true,"href":"https:\/\/taxismile.ch\/en\/wp-json\/wp\/v2\/users\/1"}],"replies":[{"embeddable":true,"href":"https:\/\/taxismile.ch\/en\/wp-json\/wp\/v2\/comments?post=878"}],"version-history":[{"count":0,"href":"https:\/\/taxismile.ch\/en\/wp-json\/wp\/v2\/pages\/878\/revisions"}],"wp:attachment":[{"href":"https:\/\/taxismile.ch\/en\/wp-json\/wp\/v2\/media?parent=878"}],"curies":[{"name":"wp","href":"https:\/\/api.w.org\/{rel}","templated":true}]}}