{"id":5323,"date":"2022-11-22T17:21:03","date_gmt":"2022-11-22T17:21:03","guid":{"rendered":"https:\/\/webthangs.com\/taxismile\/?page_id=5323"},"modified":"2023-01-30T15:22:01","modified_gmt":"2023-01-30T15:22:01","slug":"demande-doffre","status":"publish","type":"page","link":"https:\/\/taxismile.ch\/en\/demande-doffre\/","title":{"rendered":"INQUIRY"},"content":{"rendered":"<div data-elementor-type=\"wp-page\" data-elementor-id=\"5323\" class=\"elementor elementor-5323\">\n\t\t\t\t\t\t\t\t\t<section class=\"elementor-section elementor-top-section elementor-element elementor-element-6bfada1c elementor-section-full_width elementor-section-height-default elementor-section-height-default\" data-id=\"6bfada1c\" data-element_type=\"section\">\n\t\t\t\t\t\t<div class=\"elementor-container elementor-column-gap-no\">\n\t\t\t\t\t<div class=\"elementor-column elementor-col-100 elementor-top-column elementor-element elementor-element-7e5458b4\" data-id=\"7e5458b4\" data-element_type=\"column\">\n\t\t\t<div class=\"elementor-widget-wrap elementor-element-populated\">\n\t\t\t\t\t\t\t\t<div class=\"elementor-element elementor-element-7df66289 elementor-align-left elementor-widget elementor-widget-obelisk-title\" data-id=\"7df66289\" data-element_type=\"widget\" data-widget_type=\"obelisk-title.default\">\n\t\t\t\t<div class=\"elementor-widget-container\">\n\t\t\t\r\n\r\n<div class=\"obelisk-header style-4\">\r\n    <div class=\"pages-header bg-img valign parallaxie\" data-background=\"https:\/\/taxismile.ch\/wp-content\/uploads\/2022\/11\/taxicabs-g1d743dda8_1280.jpg\" data-overlay-dark=\"5\">\r\n        <div class=\"container\">\r\n            <div class=\"row\">\r\n                <div class=\"col-lg-12\">\r\n                    <div class=\"cont text-center\">\r\n                        <h1>INQUIRY<\/h1>\r\n                        <div class=\"path\">\r\n                            <span class=\"1 breadcrumb-first\"><a href=\"https:\/\/taxismile.ch\/en\/\"> Home<\/a><\/span><em> \/ <\/em>                        <\/div>\r\n                    <\/div>\r\n                <\/div>\r\n            <\/div>\r\n        <\/div>\r\n    <\/div>\r\n<\/div>\t\t<\/div>\n\t\t\t\t<\/div>\n\t\t\t\t\t<\/div>\n\t\t<\/div>\n\t\t\t\t\t\t\t<\/div>\n\t\t<\/section>\n\t\t\t\t<section class=\"elementor-section elementor-top-section elementor-element elementor-element-68972bf1 obelisk-section-mode1 elementor-section-boxed elementor-section-height-default elementor-section-height-default\" data-id=\"68972bf1\" data-element_type=\"section\" data-settings=\"{&quot;background_background&quot;:&quot;classic&quot;}\">\n\t\t\t\t\t\t<div class=\"elementor-container elementor-column-gap-default\">\n\t\t\t\t\t<div class=\"elementor-column elementor-col-100 elementor-top-column elementor-element elementor-element-368dfba1\" data-id=\"368dfba1\" data-element_type=\"column\">\n\t\t\t<div class=\"elementor-widget-wrap elementor-element-populated\">\n\t\t\t\t\t\t\t\t<section class=\"elementor-section elementor-inner-section elementor-element elementor-element-132def89 elementor-section-boxed elementor-section-height-default elementor-section-height-default\" data-id=\"132def89\" data-element_type=\"section\">\n\t\t\t\t\t\t<div class=\"elementor-container elementor-column-gap-default\">\n\t\t\t\t\t<div class=\"elementor-column elementor-col-100 elementor-inner-column elementor-element elementor-element-3485912a\" data-id=\"3485912a\" data-element_type=\"column\">\n\t\t\t<div class=\"elementor-widget-wrap elementor-element-populated\">\n\t\t\t\t\t\t\t\t<div class=\"elementor-element elementor-element-bf83f6d gallery-spacing-custom elementor-hidden-mobile elementor-widget elementor-widget-image-gallery\" data-id=\"bf83f6d\" data-element_type=\"widget\" data-widget_type=\"image-gallery.default\">\n\t\t\t\t<div class=\"elementor-widget-container\">\n\t\t\t<style>\/*! elementor - v3.8.1 - 13-11-2022 *\/\n.elementor-image-gallery .gallery-item{display:inline-block;text-align:center;vertical-align:top;width:100%;max-width:100%;margin:0 auto}.elementor-image-gallery .gallery-item img{margin:0 auto}.elementor-image-gallery .gallery-item .gallery-caption{margin:0}.elementor-image-gallery figure img{display:block}.elementor-image-gallery figure figcaption{width:100%}.gallery-spacing-custom .elementor-image-gallery .gallery-icon{padding:0}@media (min-width:768px){.elementor-image-gallery .gallery-columns-2 .gallery-item{max-width:50%}.elementor-image-gallery .gallery-columns-3 .gallery-item{max-width:33.33%}.elementor-image-gallery .gallery-columns-4 .gallery-item{max-width:25%}.elementor-image-gallery .gallery-columns-5 .gallery-item{max-width:20%}.elementor-image-gallery .gallery-columns-6 .gallery-item{max-width:16.666%}.elementor-image-gallery .gallery-columns-7 .gallery-item{max-width:14.28%}.elementor-image-gallery .gallery-columns-8 .gallery-item{max-width:12.5%}.elementor-image-gallery .gallery-columns-9 .gallery-item{max-width:11.11%}.elementor-image-gallery .gallery-columns-10 .gallery-item{max-width:10%}}@media (min-width:480px) and (max-width:767px){.elementor-image-gallery .gallery.gallery-columns-2 .gallery-item,.elementor-image-gallery .gallery.gallery-columns-3 .gallery-item,.elementor-image-gallery .gallery.gallery-columns-4 .gallery-item,.elementor-image-gallery .gallery.gallery-columns-5 .gallery-item,.elementor-image-gallery .gallery.gallery-columns-6 .gallery-item,.elementor-image-gallery .gallery.gallery-columns-7 .gallery-item,.elementor-image-gallery .gallery.gallery-columns-8 .gallery-item,.elementor-image-gallery .gallery.gallery-columns-9 .gallery-item,.elementor-image-gallery .gallery.gallery-columns-10 .gallery-item{max-width:50%}}@media (max-width:479px){.elementor-image-gallery .gallery.gallery-columns-2 .gallery-item,.elementor-image-gallery .gallery.gallery-columns-3 .gallery-item,.elementor-image-gallery .gallery.gallery-columns-4 .gallery-item,.elementor-image-gallery .gallery.gallery-columns-5 .gallery-item,.elementor-image-gallery .gallery.gallery-columns-6 .gallery-item,.elementor-image-gallery .gallery.gallery-columns-7 .gallery-item,.elementor-image-gallery .gallery.gallery-columns-8 .gallery-item,.elementor-image-gallery .gallery.gallery-columns-9 .gallery-item,.elementor-image-gallery .gallery.gallery-columns-10 .gallery-item{max-width:100%}}<\/style>\t\t<div class=\"elementor-image-gallery\">\n\t\t\t<div id='gallery-1' class='gallery galleryid-5323 gallery-columns-3 gallery-size-full'><figure class='gallery-item'>\n\t\t\t<div class='gallery-icon landscape'>\n\t\t\t\t<img decoding=\"async\" width=\"649\" height=\"486\" src=\"https:\/\/taxismile.ch\/wp-content\/uploads\/2022\/11\/666.png\" class=\"attachment-full size-full\" alt=\"\" \/>\n\t\t\t<\/div><\/figure><figure class='gallery-item'>\n\t\t\t<div class='gallery-icon landscape'>\n\t\t\t\t<img decoding=\"async\" width=\"649\" height=\"486\" src=\"https:\/\/taxismile.ch\/wp-content\/uploads\/2022\/11\/555.png\" class=\"attachment-full size-full\" alt=\"\" \/>\n\t\t\t<\/div><\/figure><figure class='gallery-item'>\n\t\t\t<div class='gallery-icon landscape'>\n\t\t\t\t<img decoding=\"async\" width=\"649\" height=\"486\" src=\"https:\/\/taxismile.ch\/wp-content\/uploads\/2022\/11\/444.png\" class=\"attachment-full size-full\" alt=\"\" \/>\n\t\t\t<\/div><\/figure>\n\t\t<\/div>\n\t\t<\/div>\n\t\t\t\t<\/div>\n\t\t\t\t<\/div>\n\t\t\t\t<div class=\"elementor-element elementor-element-6a4f6d31 elementor-align-center elementor-widget elementor-widget-obelisk-title\" data-id=\"6a4f6d31\" data-element_type=\"widget\" data-settings=\"{&quot;_animation&quot;:&quot;none&quot;}\" data-widget_type=\"obelisk-title.default\">\n\t\t\t\t<div class=\"elementor-widget-container\">\n\t\t\t \r\n<div class=\"obelisk-title style-1\">\r\n\r\n\t\r\n        <h3 class=\"main-title color-font\">INQUIRY<\/h3>\r\n        <p class=\"wow txt\" data-splitting><\/p>\r\n\t<\/div>\t\t<\/div>\n\t\t\t\t<\/div>\n\t\t\t\t<div class=\"elementor-element elementor-element-47090ad elementor-widget elementor-widget-wpforms\" data-id=\"47090ad\" data-element_type=\"widget\" data-widget_type=\"wpforms.default\">\n\t\t\t\t<div class=\"elementor-widget-container\">\n\t\t\t<div class=\"wpforms-container wpforms-container-full\" id=\"wpforms-5413\"><form id=\"wpforms-form-5413\" class=\"wpforms-validate wpforms-form wpforms-ajax-form\" data-formid=\"5413\" method=\"post\" enctype=\"multipart\/form-data\" action=\"\/en\/wp-json\/wp\/v2\/pages\/5323\" data-token=\"232096231ee5c80046704acc566c6f43\" data-trp-original-action=\"\/en\/wp-json\/wp\/v2\/pages\/5323\"><noscript class=\"wpforms-error-noscript\" data-no-translation=\"\" data-trp-gettext=\"\">Please enable JavaScript in your browser to complete this form.<\/noscript><div class=\"wpforms-field-container\"><div id=\"wpforms-5413-field_1-container\" class=\"wpforms-field wpforms-field-name\" data-field-id=\"1\"><label class=\"wpforms-field-label\" for=\"wpforms-5413-field_1\">Your name <span class=\"wpforms-required-label\">*<\/span><\/label><input type=\"text\" id=\"wpforms-5413-field_1\" class=\"wpforms-field-medium wpforms-field-required\" name=\"wpforms[fields][1]\" placeholder=\"name\" required><\/div><div id=\"wpforms-5413-field_2-container\" class=\"wpforms-field wpforms-field-email\" data-field-id=\"2\"><label class=\"wpforms-field-label\" for=\"wpforms-5413-field_2\">Your email <span class=\"wpforms-required-label\">*<\/span><\/label><input type=\"email\" id=\"wpforms-5413-field_2\" class=\"wpforms-field-medium wpforms-field-required\" name=\"wpforms[fields][2]\" placeholder=\"Your email\" required><\/div><div id=\"wpforms-5413-field_3-container\" class=\"wpforms-field wpforms-field-text\" data-field-id=\"3\"><label class=\"wpforms-field-label\" for=\"wpforms-5413-field_3\">Departure<\/label><input type=\"text\" id=\"wpforms-5413-field_3\" class=\"wpforms-field-medium\" name=\"wpforms[fields][3]\" placeholder=\"...\" ><\/div><div id=\"wpforms-5413-field_4-container\" class=\"wpforms-field wpforms-field-text\" data-field-id=\"4\"><label class=\"wpforms-field-label\" for=\"wpforms-5413-field_4\">Destination<\/label><input type=\"text\" id=\"wpforms-5413-field_4\" class=\"wpforms-field-medium\" name=\"wpforms[fields][4]\" placeholder=\"...\" ><\/div><div id=\"wpforms-5413-field_5-container\" class=\"wpforms-field wpforms-field-date-time\" data-field-id=\"5\"><label class=\"wpforms-field-label\" for=\"wpforms-5413-field_5\">Date<\/label><div class=\"wpforms-field-row wpforms-field-medium\"><div class=\"wpforms-field-row-block wpforms-one-half wpforms-first\"><div class=\"wpforms-datepicker-wrap\"><input type=\"text\" id=\"wpforms-5413-field_5\" class=\"wpforms-field-date-time-date wpforms-datepicker\" data-date-format=\"m\/d\/Y\" data-disable-past-dates=\"0\" data-input=\"true\" name=\"wpforms[fields][5][date]\" placeholder=\"Date\" ><a title=\"Clear Date\" data-clear class=\"wpforms-datepicker-clear\" style=\"display:none;\" data-no-translation-title=\"\"><\/a><\/div><label for=\"wpforms-5413-field_5\" class=\"wpforms-field-sublabel after wpforms-sublabel-hide\" data-no-translation=\"\" data-trp-gettext=\"\">Date<\/label><\/div><div class=\"wpforms-field-row-block wpforms-one-half\"><input type=\"text\" id=\"wpforms-5413-field_5-time\" class=\"wpforms-field-date-time-time wpforms-timepicker\" data-time-format=\"g:i A\" data-step=\"30\" data-rule-time12h=\"true\" name=\"wpforms[fields][5][time]\" placeholder=\"Time\" ><label for=\"wpforms-5413-field_5-time\" class=\"wpforms-field-sublabel after wpforms-sublabel-hide\" data-no-translation=\"\" data-trp-gettext=\"\">Time<\/label><\/div><\/div><\/div><div id=\"wpforms-5413-field_10-container\" class=\"wpforms-field wpforms-field-date-time\" data-field-id=\"10\"><label class=\"wpforms-field-label\" for=\"wpforms-5413-field_10\">Arrival date<\/label><div class=\"wpforms-field-row wpforms-field-medium\"><div class=\"wpforms-field-row-block wpforms-one-half wpforms-first\"><div class=\"wpforms-datepicker-wrap\"><input type=\"text\" id=\"wpforms-5413-field_10\" class=\"wpforms-field-date-time-date wpforms-datepicker\" data-date-format=\"m\/d\/Y\" data-disable-past-dates=\"0\" data-input=\"true\" name=\"wpforms[fields][10][date]\" placeholder=\"Date\" ><a title=\"Clear Date\" data-clear class=\"wpforms-datepicker-clear\" style=\"display:none;\" data-no-translation-title=\"\"><\/a><\/div><label for=\"wpforms-5413-field_10\" class=\"wpforms-field-sublabel after wpforms-sublabel-hide\" data-no-translation=\"\" data-trp-gettext=\"\">Date<\/label><\/div><div class=\"wpforms-field-row-block wpforms-one-half\"><input type=\"text\" id=\"wpforms-5413-field_10-time\" class=\"wpforms-field-date-time-time wpforms-timepicker\" data-time-format=\"g:i A\" data-step=\"30\" data-rule-time12h=\"true\" name=\"wpforms[fields][10][time]\" placeholder=\"Time\" ><label for=\"wpforms-5413-field_10-time\" class=\"wpforms-field-sublabel after wpforms-sublabel-hide\" data-no-translation=\"\" data-trp-gettext=\"\">Time<\/label><\/div><\/div><\/div><div id=\"wpforms-5413-field_7-container\" class=\"wpforms-field wpforms-field-number\" data-field-id=\"7\"><label class=\"wpforms-field-label\" for=\"wpforms-5413-field_7\">Number of persons<\/label><input type=\"number\" pattern=\"\\d*\" id=\"wpforms-5413-field_7\" class=\"wpforms-field-medium\" name=\"wpforms[fields][7]\" placeholder=\"Number of persons\" ><\/div><div id=\"wpforms-5413-field_8-container\" class=\"wpforms-field wpforms-field-phone\" data-field-id=\"8\"><label class=\"wpforms-field-label\" for=\"wpforms-5413-field_8\">Telephone<\/label><input type=\"tel\" id=\"wpforms-5413-field_8\" class=\"wpforms-field-medium wpforms-smart-phone-field\" data-rule-smart-phone-field=\"true\" name=\"wpforms[fields][8]\" placeholder=\"Telephone\" ><\/div><div id=\"wpforms-5413-field_9-container\" class=\"wpforms-field wpforms-field-textarea\" data-field-id=\"9\"><label class=\"wpforms-field-label\" for=\"wpforms-5413-field_9\">Remarks<\/label><textarea id=\"wpforms-5413-field_9\" class=\"wpforms-field-medium\" name=\"wpforms[fields][9]\" placeholder=\"(child seat, other departures\/destinations, etc.)\" ><\/textarea><\/div><\/div><div class=\"wpforms-submit-container\"><input type=\"hidden\" name=\"wpforms[id]\" value=\"5413\"><input type=\"hidden\" name=\"wpforms[author]\" value=\"1\"><button type=\"submit\" name=\"wpforms[submit]\" id=\"wpforms-submit-5413\" class=\"wpforms-submit\" data-alt-text=\"En cours d&#039;envoi...\" data-submit-text=\"Reserver\" aria-live=\"assertive\" value=\"wpforms-submit\">Submit<\/button><img decoding=\"async\" src=\"https:\/\/taxismile.ch\/wp-content\/plugins\/wpforms\/assets\/images\/submit-spin.svg\" class=\"wpforms-submit-spinner\" style=\"display: none;\" width=\"26\" height=\"26\" alt=\"Loading\" data-no-translation-alt=\"\"><\/div><input type=\"hidden\" name=\"trp-form-language\" value=\"en\"\/><\/form><\/div>  <!-- .wpforms-container -->\t\t<\/div>\n\t\t\t\t<\/div>\n\t\t\t\t<div class=\"elementor-element elementor-element-233ed8ff elementor-widget elementor-widget-text-editor\" data-id=\"233ed8ff\" data-element_type=\"widget\" data-widget_type=\"text-editor.default\">\n\t\t\t\t<div class=\"elementor-widget-container\">\n\t\t\t<style>\/*! elementor - v3.8.1 - 13-11-2022 *\/\n.elementor-widget-text-editor.elementor-drop-cap-view-stacked .elementor-drop-cap{background-color:#818a91;color:#fff}.elementor-widget-text-editor.elementor-drop-cap-view-framed .elementor-drop-cap{color:#818a91;border:3px solid;background-color:transparent}.elementor-widget-text-editor:not(.elementor-drop-cap-view-default) .elementor-drop-cap{margin-top:8px}.elementor-widget-text-editor:not(.elementor-drop-cap-view-default) .elementor-drop-cap-letter{width:1em;height:1em}.elementor-widget-text-editor .elementor-drop-cap{float:left;text-align:center;line-height:1;font-size:50px}.elementor-widget-text-editor .elementor-drop-cap-letter{display:inline-block}<\/style>\t\t\t\t\t\t\t\t\t\t<\/div>\n\t\t\t\t<\/div>\n\t\t\t\t\t<\/div>\n\t\t<\/div>\n\t\t\t\t\t\t\t<\/div>\n\t\t<\/section>\n\t\t\t\t\t<\/div>\n\t\t<\/div>\n\t\t\t\t\t\t\t<\/div>\n\t\t<\/section>\n\t\t\t\t<section class=\"elementor-section elementor-top-section elementor-element elementor-element-424a021a obelisk-section-mode1 elementor-section-boxed elementor-section-height-default elementor-section-height-default\" data-id=\"424a021a\" data-element_type=\"section\" data-settings=\"{&quot;background_background&quot;:&quot;classic&quot;}\">\n\t\t\t\t\t\t\t<div class=\"elementor-background-overlay\"><\/div>\n\t\t\t\t\t\t\t<div class=\"elementor-container elementor-column-gap-default\">\n\t\t\t\t\t<div class=\"elementor-column elementor-col-50 elementor-top-column elementor-element elementor-element-ce67769\" data-id=\"ce67769\" data-element_type=\"column\">\n\t\t\t<div class=\"elementor-widget-wrap elementor-element-populated\">\n\t\t\t\t\t\t\t\t<div class=\"elementor-element elementor-element-40abbef4 elementor-align-left elementor-invisible elementor-widget elementor-widget-obelisk-title\" data-id=\"40abbef4\" data-element_type=\"widget\" data-settings=\"{&quot;_animation&quot;:&quot;fadeInUp&quot;}\" data-widget_type=\"obelisk-title.default\">\n\t\t\t\t<div class=\"elementor-widget-container\">\n\t\t\t<div class=\"obelisk-title style-2\">\n\t<h2 class=\"custom-font\" data-splitting>TRUSTED SERVICE <b><\/b><\/h2>\n<\/div>\t\t<\/div>\n\t\t\t\t<\/div>\n\t\t\t\t<div class=\"elementor-element elementor-element-66c8709 elementor-widget__width-initial elementor-widget elementor-widget-obelisk-heading\" data-id=\"66c8709\" data-element_type=\"widget\" data-widget_type=\"obelisk-heading.default\">\n\t\t\t\t<div class=\"elementor-widget-container\">\n\t\t\t\r\n<h2 class='obelisk-heading style-1' >\r\n        We are here for you 7\/7 and 24\/24\n    <\/h2>\r\n\t\t<\/div>\n\t\t\t\t<\/div>\n\t\t\t\t<div class=\"elementor-element elementor-element-5edfcc87 elementor-align-left elementor-invisible elementor-widget elementor-widget-obelisk-title\" data-id=\"5edfcc87\" data-element_type=\"widget\" data-settings=\"{&quot;_animation&quot;:&quot;fadeInUp&quot;}\" data-widget_type=\"obelisk-title.default\">\n\t\t\t\t<div class=\"elementor-widget-container\">\n\t\t\t<div class=\"obelisk-title style-2\">\n\t<h2 class=\"custom-font\" data-splitting>Transfert a\u00e9roport Lausanne- Gen\u00e8ve, Taxi familial, Taxi Lausanne, Navette a\u00e9roport, Taxi Limousine, Taxi Renens, Taxi Lutry, Taxi Pully, Taxi Morges, Taxi Prilly , Taxi Crissier, Taxi Ouchy, Taxi Saint Sulpice, Taxi Ecublens. <b><\/b><\/h2>\n<\/div>\t\t<\/div>\n\t\t\t\t<\/div>\n\t\t\t\t\t<\/div>\n\t\t<\/div>\n\t\t\t\t<div class=\"elementor-column elementor-col-50 elementor-top-column elementor-element elementor-element-4dee77b8\" data-id=\"4dee77b8\" data-element_type=\"column\">\n\t\t\t<div class=\"elementor-widget-wrap elementor-element-populated\">\n\t\t\t\t\t\t\t\t<div class=\"elementor-element elementor-element-7479540c elementor-align-left elementor-invisible elementor-widget elementor-widget-obelisk-button\" data-id=\"7479540c\" data-element_type=\"widget\" data-settings=\"{&quot;_animation&quot;:&quot;fadeInUp&quot;,&quot;_animation_delay&quot;:500}\" data-widget_type=\"obelisk-button.default\">\n\t\t\t\t<div class=\"elementor-widget-container\">\n\t\t\t\r\n<div >\r\n\t<a href=\"https:\/\/taxismile.ch\/en\/reservation\/\"  class=\"obelisk-button style-1 btn-lit mode-2\" data-wow-delay=\".5s\">\r\n\r\n\t\t<span>R\u00e9servez votre Taxi<\/span> \r\n\t<\/a> \r\n<\/div>\t\t<\/div>\n\t\t\t\t<\/div>\n\t\t\t\t\t<\/div>\n\t\t<\/div>\n\t\t\t\t\t\t\t<\/div>\n\t\t<\/section>\n\t\t\t\t\t\t\t<\/div>","protected":false},"excerpt":{"rendered":"<p>DEMANDE D\u2019OFFRE Home \/ DEMANDE D\u2019OFFRE SERVICE DE CONFIANCE Nous sommes l\u00e0 pour vous 7\/7 et 24\/24 Transfert a\u00e9roport Lausanne- Gen\u00e8ve, Taxi familial, Taxi Lausanne, Navette a\u00e9roport, Taxi Limousine, Taxi Renens, Taxi Lutry, Taxi Pully, Taxi Morges, Taxi Prilly , Taxi Crissier, Taxi Ouchy, Taxi Saint Sulpice, Taxi Ecublens. R\u00e9servez votre Taxi<\/p>","protected":false},"author":1,"featured_media":0,"parent":0,"menu_order":0,"comment_status":"closed","ping_status":"closed","template":"blank-builder.php","meta":{"_joinchat":[],"footnotes":""},"class_list":["post-5323","page","type-page","status-publish","hentry"],"_links":{"self":[{"href":"https:\/\/taxismile.ch\/en\/wp-json\/wp\/v2\/pages\/5323","targetHints":{"allow":["GET"]}}],"collection":[{"href":"https:\/\/taxismile.ch\/en\/wp-json\/wp\/v2\/pages"}],"about":[{"href":"https:\/\/taxismile.ch\/en\/wp-json\/wp\/v2\/types\/page"}],"author":[{"embeddable":true,"href":"https:\/\/taxismile.ch\/en\/wp-json\/wp\/v2\/users\/1"}],"replies":[{"embeddable":true,"href":"https:\/\/taxismile.ch\/en\/wp-json\/wp\/v2\/comments?post=5323"}],"version-history":[{"count":0,"href":"https:\/\/taxismile.ch\/en\/wp-json\/wp\/v2\/pages\/5323\/revisions"}],"wp:attachment":[{"href":"https:\/\/taxismile.ch\/en\/wp-json\/wp\/v2\/media?parent=5323"}],"curies":[{"name":"wp","href":"https:\/\/api.w.org\/{rel}","templated":true}]}}